{"id":5699,"date":"2023-09-18T20:06:16","date_gmt":"2023-09-18T20:06:16","guid":{"rendered":"https:\/\/pastapalmetto.com\/?post_type=product&#038;p=5699"},"modified":"2023-09-21T03:13:08","modified_gmt":"2023-09-21T03:13:08","slug":"pure-de-palmito","status":"publish","type":"product","link":"https:\/\/pastapalmetto.com\/index.php\/product\/pure-de-palmito\/","title":{"rendered":"PUR\u00c9 DE PALMITO"},"content":{"rendered":"<div class=\"woocommerce-product-details__short-description\">\n<div class=\"imagen-izquierda\"><img decoding=\"async\" src=\"http:\/\/pastapalmetto.com\/wp-content\/uploads\/2023\/09\/cajas-productos-02-e1695188782162.jpg\" alt=\"Descripci\u00f3n de la imagen\" \/><\/div>\n<div class=\"contenido-derecha\">\n<h3 style=\"text-align: center;\"><img decoding=\"async\" loading=\"lazy\" class=\"alignnone size-medium wp-image-5488\" src=\"http:\/\/pastapalmetto.com\/wp-content\/uploads\/2023\/09\/cropped-logo-palmetto-300x86.png\" alt=\"\" width=\"300\" height=\"86\" srcset=\"https:\/\/pastapalmetto.com\/wp-content\/uploads\/2023\/09\/cropped-logo-palmetto-300x86.png 300w, https:\/\/pastapalmetto.com\/wp-content\/uploads\/2023\/09\/cropped-logo-palmetto-150x43.png 150w, https:\/\/pastapalmetto.com\/wp-content\/uploads\/2023\/09\/cropped-logo-palmetto.png 438w\" sizes=\"(max-width: 300px) 100vw, 300px\" \/><\/h3>\n<h3 style=\"text-align: center;\">PUR\u00c9 DE PALMITO<\/h3>\n<p style=\"text-align: center;\">Palmito molido tipo pur\u00e9 acidulado. Envasado herm\u00e9ticamente sin aditivos ni conservantes artificiales.<\/p>\n<p style=\"text-align: center;\"><strong>Tiene solo 3 g de carbohidratos y no contiene grasa<\/strong><\/p>\n<p><img decoding=\"async\" loading=\"lazy\" class=\"size-medium wp-image-5659 aligncenter\" src=\"http:\/\/pastapalmetto.com\/wp-content\/uploads\/2023\/09\/palmito-hojas-e1695078471858-300x148.png\" alt=\"\" width=\"300\" height=\"148\" srcset=\"https:\/\/pastapalmetto.com\/wp-content\/uploads\/2023\/09\/palmito-hojas-e1695078471858-300x148.png 300w, https:\/\/pastapalmetto.com\/wp-content\/uploads\/2023\/09\/palmito-hojas-e1695078471858-600x296.png 600w, https:\/\/pastapalmetto.com\/wp-content\/uploads\/2023\/09\/palmito-hojas-e1695078471858.png 755w\" sizes=\"(max-width: 300px) 100vw, 300px\" \/><\/p>\n<\/div>\n<\/div>\n","protected":false},"excerpt":{"rendered":"<p>PUR\u00c9 DE PALMITO Palmito molido tipo pur\u00e9 acidulado. Envasado herm\u00e9ticamente sin aditivos ni conservantes artificiales. Tiene solo 3 g de carbohidratos y no contiene grasa<\/p>\n","protected":false},"featured_media":5737,"template":"","meta":{"site-sidebar-layout":"default","site-content-layout":"default","ast-global-header-display":"","ast-banner-title-visibility":"","ast-main-header-display":"","ast-hfb-above-header-display":"","ast-hfb-below-header-display":"","ast-hfb-mobile-header-display":"","site-post-title":"","ast-breadcrumbs-content":"","ast-featured-img":"","footer-sml-layout":"","theme-transparent-header-meta":"default","adv-header-id-meta":"","stick-header-meta":"","header-above-stick-meta":"","header-main-stick-meta":"","header-below-stick-meta":"","_joinchat":[]},"product_cat":[35],"product_tag":[],"aioseo_notices":[],"jetpack_sharing_enabled":true,"_links":{"self":[{"href":"https:\/\/pastapalmetto.com\/index.php\/wp-json\/wp\/v2\/product\/5699"}],"collection":[{"href":"https:\/\/pastapalmetto.com\/index.php\/wp-json\/wp\/v2\/product"}],"about":[{"href":"https:\/\/pastapalmetto.com\/index.php\/wp-json\/wp\/v2\/types\/product"}],"wp:featuredmedia":[{"embeddable":true,"href":"https:\/\/pastapalmetto.com\/index.php\/wp-json\/wp\/v2\/media\/5737"}],"wp:attachment":[{"href":"https:\/\/pastapalmetto.com\/index.php\/wp-json\/wp\/v2\/media?parent=5699"}],"wp:term":[{"taxonomy":"product_cat","embeddable":true,"href":"https:\/\/pastapalmetto.com\/index.php\/wp-json\/wp\/v2\/product_cat?post=5699"},{"taxonomy":"product_tag","embeddable":true,"href":"https:\/\/pastapalmetto.com\/index.php\/wp-json\/wp\/v2\/product_tag?post=5699"}],"curies":[{"name":"wp","href":"https:\/\/api.w.org\/{rel}","templated":true}]}}